{"id":1035,"date":"2019-03-06T14:34:12","date_gmt":"2019-03-06T14:34:12","guid":{"rendered":"https:\/\/dor.qodeinteractive.com\/elementor\/?page_id=1035"},"modified":"2021-09-10T20:22:42","modified_gmt":"2021-09-10T20:22:42","slug":"azienda","status":"publish","type":"page","link":"https:\/\/www.gdamarmi.com\/index.php\/azienda\/","title":{"rendered":"L&#8217;AZIENDA"},"content":{"rendered":"\t\t<div data-elementor-type=\"wp-page\" data-elementor-id=\"1035\" class=\"elementor elementor-1035\" data-elementor-settings=\"[]\">\n\t\t\t\t\t\t\t<div class=\"elementor-section-wrap\">\n\t\t\t\t\t\t\t<section class=\"elementor-section elementor-top-section elementor-element elementor-element-20ea37c elementor-section-boxed elementor-section-height-default elementor-section-height-default mkdf-parallax-row-no mkdf-content-aligment-left mkdf-elementor-row-grid-no mkdf-disabled-bg-image-bellow-no\" data-id=\"20ea37c\" data-element_type=\"section\">\n\t\t\t\t\t\t<div class=\"elementor-container elementor-column-gap-default\">\n\t\t\t\t\t<div class=\"elementor-column elementor-col-100 elementor-top-column elementor-element elementor-element-1bd51a0\" data-id=\"1bd51a0\" data-element_type=\"column\">\n\t\t\t<div class=\"elementor-widget-wrap elementor-element-populated\">\n\t\t\t\t\t\t\t\t<div class=\"elementor-element elementor-element-94b92c9 elementor-widget elementor-widget-wp-widget-rev-slider-widget\" data-id=\"94b92c9\" data-element_type=\"widget\" data-widget_type=\"wp-widget-rev-slider-widget.default\">\n\t\t\t\t<div class=\"elementor-widget-container\">\n\t\t\t\n\t\t\t<!-- START mainhome 1 REVOLUTION SLIDER 6.2.23 --><p class=\"rs-p-wp-fix\"><\/p>\n\t\t\t<rs-module-wrap id=\"rev_slider_10_1_wrapper\" data-source=\"gallery\" style=\"background:transparent;padding:0;\">\n\t\t\t\t<rs-module id=\"rev_slider_10_1\" style=\"\" data-version=\"6.2.23\">\n\t\t\t\t\t<rs-slides>\n\t\t\t\t\t\t<rs-slide data-key=\"rs-33\" data-title=\"Slide\" data-anim=\"ei:d;eo:d;s:600;r:0;t:fade;sl:d;\" data-firstanim=\"t:fade;s:300;sl:7;\">\n\t\t\t\t\t\t\t<img decoding=\"async\" src=\"\/\/www.gdamarmi.com\/wp-content\/plugins\/revslider\/public\/assets\/assets\/transparent.png\" alt=\"Slide\" title=\"L&#8217;AZIENDA\" data-parallax=\"off\" class=\"rev-slidebg\" data-no-retina>\n<!--\n\t\t\t\t\t\t\t--><rs-layer\n\t\t\t\t\t\t\t\tid=\"slider-10-slide-33-layer-2\" \n\t\t\t\t\t\t\t\tdata-type=\"image\"\n\t\t\t\t\t\t\t\tdata-xy=\"x:c;xo:-4px,-9px,4px,-6px;y:m;yo:16px,-6px,-9px,-5px;\"\n\t\t\t\t\t\t\t\tdata-text=\"l:22;a:inherit;\"\n\t\t\t\t\t\t\t\tdata-dim=\"w:774px,1180px,1483px,1075px;h:514px,790px,993px,714px;\"\n\t\t\t\t\t\t\t\tdata-basealign=\"slide\"\n\t\t\t\t\t\t\t\tdata-rsp_o=\"off\"\n\t\t\t\t\t\t\t\tdata-rsp_bd=\"off\"\n\t\t\t\t\t\t\t\tdata-frame_0=\"x:-100%;o:1;\"\n\t\t\t\t\t\t\t\tdata-frame_0_mask=\"u:t;\"\n\t\t\t\t\t\t\t\tdata-frame_1=\"e:Quad.easeInOut;st:200;sp:1000;sR:200;\"\n\t\t\t\t\t\t\t\tdata-frame_1_mask=\"u:t;\"\n\t\t\t\t\t\t\t\tdata-frame_999=\"st:w;sp:900;auto:true;\"\n\t\t\t\t\t\t\t\tdata-frame_999_mask=\"u:t;\"\n\t\t\t\t\t\t\t\tstyle=\"z-index:5;\"\n\t\t\t\t\t\t\t><img loading=\"lazy\" decoding=\"async\" src=\"\/\/www.gdamarmi.com\/wp-content\/uploads\/2021\/09\/DSC6235-scaled.jpg\" width=\"2560\" height=\"1700\" data-no-retina> \n\t\t\t\t\t\t\t<\/rs-layer><!--\n\n\t\t\t\t\t\t\t--><rs-layer\n\t\t\t\t\t\t\t\tid=\"slider-10-slide-33-layer-3\" \n\t\t\t\t\t\t\t\tdata-type=\"image\"\n\t\t\t\t\t\t\t\tdata-xy=\"x:c;xo:-401px,-209px,-151px,-66px;y:m;yo:10px,-199px,-210px,-135px;\"\n\t\t\t\t\t\t\t\tdata-text=\"l:22;a:inherit;\"\n\t\t\t\t\t\t\t\tdata-dim=\"w:657px,178px,178px,130px;h:657px,178px,178px,130px;\"\n\t\t\t\t\t\t\t\tdata-basealign=\"slide\"\n\t\t\t\t\t\t\t\tdata-rsp_o=\"off\"\n\t\t\t\t\t\t\t\tdata-rsp_bd=\"off\"\n\t\t\t\t\t\t\t\tdata-frame_0=\"x:50px;\"\n\t\t\t\t\t\t\t\tdata-frame_1=\"e:Quad.easeInOut;st:350;sp:800;sR:350;\"\n\t\t\t\t\t\t\t\tdata-frame_999=\"st:w;sp:800;auto:true;\"\n\t\t\t\t\t\t\t\tdata-frame_999_mask=\"u:t;\"\n\t\t\t\t\t\t\t\tstyle=\"z-index:6;\"\n\t\t\t\t\t\t\t><img loading=\"lazy\" decoding=\"async\" src=\"\/\/www.gdamarmi.com\/wp-content\/uploads\/2021\/09\/Azienda.png\" width=\"2362\" height=\"2362\" data-no-retina> \n\t\t\t\t\t\t\t<\/rs-layer><!--\n\n\t\t\t\t\t\t\t--><rs-layer\n\t\t\t\t\t\t\t\tid=\"slider-10-slide-33-layer-4\" \n\t\t\t\t\t\t\t\tdata-type=\"text\"\n\t\t\t\t\t\t\t\tdata-xy=\"x:c,l,c,c;xo:353px,95px,10px,1px;y:m;yo:-17px,57px,68px,25px;\"\n\t\t\t\t\t\t\t\tdata-text=\"w:normal;s:90,70,65,35;l:95,75,70,40;fw:300;a:right,left,left,left;\"\n\t\t\t\t\t\t\t\tdata-dim=\"w:592px,496px,496px,267px;h:191px,auto,auto,91px;\"\n\t\t\t\t\t\t\t\tdata-basealign=\"slide\"\n\t\t\t\t\t\t\t\tdata-rsp_o=\"off\"\n\t\t\t\t\t\t\t\tdata-rsp_bd=\"off\"\n\t\t\t\t\t\t\t\tdata-frame_0=\"o:1;\"\n\t\t\t\t\t\t\t\tdata-frame_0_lines=\"x:-50px;o:0;\"\n\t\t\t\t\t\t\t\tdata-frame_1=\"e:Quad.easeInOut;st:400;sp:800;sR:400;\"\n\t\t\t\t\t\t\t\tdata-frame_1_lines=\"d:10;\"\n\t\t\t\t\t\t\t\tdata-frame_999=\"x:50px;o:0;e:Quad.easeInOut;st:w;sp:700;sR:3300;\"\n\t\t\t\t\t\t\t\tstyle=\"z-index:7;font-family:Montserrat;text-transform:uppercase;\"\n\t\t\t\t\t\t\t>GDA <BR>MARMI E GRANITI \n\t\t\t\t\t\t\t<\/rs-layer><!--\n\n\t\t\t\t\t\t\t--><rs-layer\n\t\t\t\t\t\t\t\tid=\"slider-10-slide-33-layer-5\" \n\t\t\t\t\t\t\t\tdata-type=\"text\"\n\t\t\t\t\t\t\t\tdata-color=\"#d8d8d8||#ffffff||#ffffff||#ffffff\"\n\t\t\t\t\t\t\t\tdata-xy=\"x:c;xo:368px,-49px,13px,-188px;y:m;yo:-141px,-89px,-82px,-10px;\"\n\t\t\t\t\t\t\t\tdata-text=\"w:normal;s:23;l:30;a:right,left,left,right;\"\n\t\t\t\t\t\t\t\tdata-dim=\"w:560px,496px,496px,271px;h:auto,auto,auto,109px;\"\n\t\t\t\t\t\t\t\tdata-basealign=\"slide\"\n\t\t\t\t\t\t\t\tdata-rsp_o=\"off\"\n\t\t\t\t\t\t\t\tdata-rsp_bd=\"off\"\n\t\t\t\t\t\t\t\tdata-frame_0=\"x:-50px;\"\n\t\t\t\t\t\t\t\tdata-frame_1=\"e:Quad.easeInOut;st:500;sp:800;sR:500;\"\n\t\t\t\t\t\t\t\tdata-frame_999=\"x:50px;o:0;e:Quad.easeInOut;st:w;sp:650;sR:3200;\"\n\t\t\t\t\t\t\t\tstyle=\"z-index:8;font-family:Alegreya;font-style:italic;\"\n\t\t\t\t\t\t\t>L'azienda \n\t\t\t\t\t\t\t<\/rs-layer><!--\n-->\t\t\t\t\t\t<\/rs-slide>\n\t\t\t\t\t<\/rs-slides>\n\t\t\t\t<\/rs-module>\n\t\t\t\t<script type=\"text\/javascript\">\n\t\t\t\t\tsetREVStartSize({c: 'rev_slider_10_1',rl:[1240,1024,778,480],el:[840,768,960,720],gw:[1100,800,700,400],gh:[840,768,960,720],type:'standard',justify:'',layout:'fullscreen',offsetContainer:'',offset:'',mh:\"0\"});\n\t\t\t\t\tvar\trevapi10,\n\t\t\t\t\t\ttpj;\n\t\t\t\t\tfunction revinit_revslider101() {\n\t\t\t\t\tjQuery(function() {\n\t\t\t\t\t\ttpj = jQuery;\n\t\t\t\t\t\trevapi10 = tpj(\"#rev_slider_10_1\");\n\t\t\t\t\t\tif(revapi10==undefined || revapi10.revolution == undefined){\n\t\t\t\t\t\t\trevslider_showDoubleJqueryError(\"rev_slider_10_1\");\n\t\t\t\t\t\t}else{\n\t\t\t\t\t\t\trevapi10.revolution({\n\t\t\t\t\t\t\t\tsliderLayout:\"fullscreen\",\n\t\t\t\t\t\t\t\tduration:4500,\n\t\t\t\t\t\t\t\tvisibilityLevels:\"1240,1024,778,480\",\n\t\t\t\t\t\t\t\tgridwidth:\"1100,800,700,400\",\n\t\t\t\t\t\t\t\tgridheight:\"840,768,960,720\",\n\t\t\t\t\t\t\t\tperspective:600,\n\t\t\t\t\t\t\t\tperspectiveType:\"local\",\n\t\t\t\t\t\t\t\teditorheight:\"840,768,960,720\",\n\t\t\t\t\t\t\t\tresponsiveLevels:\"1240,1024,778,480\",\n\t\t\t\t\t\t\t\tprogressBar:{disableProgressBar:true},\n\t\t\t\t\t\t\t\tnavigation: {\n\t\t\t\t\t\t\t\t\tonHoverStop:false\n\t\t\t\t\t\t\t\t},\n\t\t\t\t\t\t\t\tparallax: {\n\t\t\t\t\t\t\t\t\tlevels:[5,10,15,20,25,30,35,40,45,46,47,48,49,50,51,55],\n\t\t\t\t\t\t\t\t\ttype:\"mouse\"\n\t\t\t\t\t\t\t\t},\n\t\t\t\t\t\t\t\tfallbacks: {\n\t\t\t\t\t\t\t\t\tallowHTML5AutoPlayOnAndroid:true\n\t\t\t\t\t\t\t\t},\n\t\t\t\t\t\t\t});\n\t\t\t\t\t\t}\n\t\t\t\t\t\t\n\t\t\t\t\t});\n\t\t\t\t\t} \/\/ End of RevInitScript\n\t\t\t\tvar once_revslider101 = false;\n\t\t\t\tif (document.readyState === \"loading\") {document.addEventListener('readystatechange',function() { if((document.readyState === \"interactive\" || document.readyState === \"complete\") && !once_revslider101 ) { once_revslider101 = true; revinit_revslider101();}});} else {once_revslider101 = true; revinit_revslider101();}\n\t\t\t\t<\/script>\n\t\t\t\t<script>\n\t\t\t\t\tvar htmlDivCss = unescape(\".dor-styles.tp-bullets%20%7B%0A%09top%3A%20100%25%3B%0A%09left%3A%2050%25%3B%0A%20%20%09opacity%3A%200%3B%0A%20%20%09animation%3A%20fadeIn%201s%201s%20forwards%3B%0A%7D\");\n\t\t\t\t\tvar htmlDiv = document.getElementById('rs-plugin-settings-inline-css');\n\t\t\t\t\tif(htmlDiv) {\n\t\t\t\t\t\thtmlDiv.innerHTML = htmlDiv.innerHTML + htmlDivCss;\n\t\t\t\t\t}else{\n\t\t\t\t\t\tvar htmlDiv = document.createElement('div');\n\t\t\t\t\t\thtmlDiv.innerHTML = '<style>' + htmlDivCss + '<\/style>';\n\t\t\t\t\t\tdocument.getElementsByTagName('head')[0].appendChild(htmlDiv.childNodes[0]);\n\t\t\t\t\t}\n\t\t\t\t<\/script>\n\t\t\t<\/rs-module-wrap>\n\t\t\t<!-- END REVOLUTION SLIDER -->\n\t\t<\/div>\n\t\t\t\t<\/div>\n\t\t\t\t\t<\/div>\n\t\t<\/div>\n\t\t\t\t\t\t\t<\/div>\n\t\t<\/section>\n\t\t\t\t<section class=\"elementor-section elementor-top-section elementor-element elementor-element-8385114 elementor-section-boxed elementor-section-height-default elementor-section-height-default mkdf-parallax-row-no mkdf-content-aligment-left mkdf-elementor-row-grid-no mkdf-disabled-bg-image-bellow-no\" data-id=\"8385114\" data-element_type=\"section\">\n\t\t\t\t\t\t<div class=\"elementor-container elementor-column-gap-default\">\n\t\t\t\t\t<div class=\"elementor-column elementor-col-100 elementor-top-column elementor-element elementor-element-428ba5d\" data-id=\"428ba5d\" data-element_type=\"column\">\n\t\t\t<div class=\"elementor-widget-wrap\">\n\t\t\t\t\t\t\t\t\t<\/div>\n\t\t<\/div>\n\t\t\t\t\t\t\t<\/div>\n\t\t<\/section>\n\t\t\t\t<section class=\"elementor-section elementor-top-section elementor-element elementor-element-d3cb4d1 elementor-section-boxed elementor-section-height-default elementor-section-height-default mkdf-parallax-row-no mkdf-content-aligment-left mkdf-elementor-row-grid-no mkdf-disabled-bg-image-bellow-no\" data-id=\"d3cb4d1\" data-element_type=\"section\">\n\t\t\t\t\t\t<div class=\"elementor-container elementor-column-gap-default\">\n\t\t\t\t\t<div class=\"elementor-column elementor-col-100 elementor-top-column elementor-element elementor-element-da2c906\" data-id=\"da2c906\" data-element_type=\"column\">\n\t\t\t<div class=\"elementor-widget-wrap elementor-element-populated\">\n\t\t\t\t\t\t\t\t<div class=\"elementor-element elementor-element-e80caaa elementor-widget elementor-widget-heading\" data-id=\"e80caaa\" data-element_type=\"widget\" data-widget_type=\"heading.default\">\n\t\t\t\t<div class=\"elementor-widget-container\">\n\t\t\t<h3 class=\"elementor-heading-title elementor-size-default\">GDA MARMI E GRANITI <\/h3>\t\t<\/div>\n\t\t\t\t<\/div>\n\t\t\t\t<div class=\"elementor-element elementor-element-24430a7 elementor-widget-divider--view-line elementor-widget elementor-widget-divider\" data-id=\"24430a7\" data-element_type=\"widget\" data-widget_type=\"divider.default\">\n\t\t\t\t<div class=\"elementor-widget-container\">\n\t\t\t\t\t<div class=\"elementor-divider\">\n\t\t\t<span class=\"elementor-divider-separator\">\n\t\t\t\t\t\t<\/span>\n\t\t<\/div>\n\t\t\t\t<\/div>\n\t\t\t\t<\/div>\n\t\t\t\t\t<\/div>\n\t\t<\/div>\n\t\t\t\t\t\t\t<\/div>\n\t\t<\/section>\n\t\t\t\t<section class=\"elementor-section elementor-top-section elementor-element elementor-element-74a21d5 elementor-section-boxed elementor-section-height-default elementor-section-height-default mkdf-parallax-row-no mkdf-content-aligment-left mkdf-elementor-row-grid-no mkdf-disabled-bg-image-bellow-no\" data-id=\"74a21d5\" data-element_type=\"section\">\n\t\t\t\t\t\t<div class=\"elementor-container elementor-column-gap-default\">\n\t\t\t\t\t<div class=\"elementor-column elementor-col-100 elementor-top-column elementor-element elementor-element-f2d878b\" data-id=\"f2d878b\" data-element_type=\"column\">\n\t\t\t<div class=\"elementor-widget-wrap elementor-element-populated\">\n\t\t\t\t\t\t\t\t<div class=\"elementor-element elementor-element-12e8f6d elementor-widget elementor-widget-mkdf_section_title\" data-id=\"12e8f6d\" data-element_type=\"widget\" data-widget_type=\"mkdf_section_title.default\">\n\t\t\t\t<div class=\"elementor-widget-container\">\n\t\t\t<div class=\"mkdf-section-title-holder  \" style=\"text-align: center\">\n\t<div class=\"mkdf-st-inner\">\n\t\t\t\t\t<h6 class=\"mkdf-st-subtitle\" style=\"font-size: 25px\">\n\t\t\t\tGDA \u00e8 presente da oltre 50 anni nel panorama mondiale del settore lapideo \u00e8 proprietaria di un grande bacino estrattivo situato nel comprensorio lapideo Apuano\t\t\t<\/h6>\n\t\t\t\t\n\t\t\t\t\t<\/div>\n<\/div>\t\t<\/div>\n\t\t\t\t<\/div>\n\t\t\t\t\t<\/div>\n\t\t<\/div>\n\t\t\t\t\t\t\t<\/div>\n\t\t<\/section>\n\t\t\t\t<section class=\"elementor-section elementor-top-section elementor-element elementor-element-1dad78e elementor-section-full_width elementor-section-content-middle mkdf-elementor-row-grid-section elementor-reverse-mobile elementor-reverse-tablet elementor-section-height-default elementor-section-height-default mkdf-parallax-row-no mkdf-content-aligment-left mkdf-disabled-bg-image-bellow-no\" data-id=\"1dad78e\" data-element_type=\"section\">\n\t\t\t\t\t\t<div class=\"elementor-container elementor-column-gap-no\">\n\t\t\t\t\t<div class=\"elementor-column elementor-col-50 elementor-top-column elementor-element elementor-element-8f193fa\" data-id=\"8f193fa\" data-element_type=\"column\">\n\t\t\t<div class=\"elementor-widget-wrap elementor-element-populated\">\n\t\t\t\t\t\t\t\t<div class=\"elementor-element elementor-element-19dcf73 elementor-widget elementor-widget-mkdf_section_title\" data-id=\"19dcf73\" data-element_type=\"widget\" data-widget_type=\"mkdf_section_title.default\">\n\t\t\t\t<div class=\"elementor-widget-container\">\n\t\t\t<div class=\"mkdf-section-title-holder  \" >\n\t<div class=\"mkdf-st-inner\">\n\t\t\t\t\t\t\t<h3 class=\"mkdf-st-title\" >\n\t\t\t\tL'AZIENDA\t\t\t<\/h3>\n\t\t\t\t\t\t\t<div class=\"mkdf-st-line\"><\/div>\n\t\t\t\t\t\n\t\t\t\t\t<p class=\"mkdf-st-text\" style=\"margin-top: 13px\">\n\t\t\t\tGDA \u00e8 presente da oltre 50 anni nel panorama mondiale del settore lapideo, un\u2019attivit\u00e0 consolidata nel tempo da peculiarit\u00e0 fondamentali per la crescita e lo sviluppo di un\u2019azienda quali, la costante seriet\u00e0 professionale, la massima affidabilit\u00e0 a tutti i livelli produttivi, l\u2019inc\u00acessante aggiornamento nell\u2019innovazione tecnologica e nelle tecniche di lavorazione e l\u2019esclusivit\u00e0 dei propri materiali. Solide basi che tracciano il profilo di una azienda da sempre legata alla storia, alla tradizione e alla cultura della pietra.<BR><BR> GDA \u00e8 proprietaria di un grande sito estrattivo situato nel comprensorio lapideo Apuano dal quale estrae materiali di ottima qualit\u00e0: Bianco Carrara Venato \u2013 Bianco Carrara Venatino \u2013 Arabescato Madielle \u2013 Statuarietto \u2013 Bardiglio.\t\t\t<\/p>\n\t\t\t\t\t<\/div>\n<\/div>\t\t<\/div>\n\t\t\t\t<\/div>\n\t\t\t\t\t<\/div>\n\t\t<\/div>\n\t\t\t\t<div class=\"elementor-column elementor-col-50 elementor-top-column elementor-element elementor-element-d807eee\" data-id=\"d807eee\" data-element_type=\"column\">\n\t\t\t<div class=\"elementor-widget-wrap elementor-element-populated\">\n\t\t\t\t\t\t\t\t<div class=\"elementor-element elementor-element-aff8cb1 elementor-widget elementor-widget-mkdf_single_image\" data-id=\"aff8cb1\" data-element_type=\"widget\" data-widget_type=\"mkdf_single_image.default\">\n\t\t\t\t<div class=\"elementor-widget-container\">\n\t\t\t<div class=\"mkdf-single-image-holder    \">\n    <div class=\"mkdf-si-inner\" >\n                                    <img loading=\"lazy\" decoding=\"async\" width=\"2560\" height=\"1920\" src=\"https:\/\/www.gdamarmi.com\/wp-content\/uploads\/2021\/09\/20210908_104137-1-scaled.jpg\" class=\"attachment-full size-full\" alt=\"\" srcset=\"https:\/\/www.gdamarmi.com\/wp-content\/uploads\/2021\/09\/20210908_104137-1-scaled.jpg 2560w, https:\/\/www.gdamarmi.com\/wp-content\/uploads\/2021\/09\/20210908_104137-1-300x225.jpg 300w, https:\/\/www.gdamarmi.com\/wp-content\/uploads\/2021\/09\/20210908_104137-1-1024x768.jpg 1024w, https:\/\/www.gdamarmi.com\/wp-content\/uploads\/2021\/09\/20210908_104137-1-768x576.jpg 768w, https:\/\/www.gdamarmi.com\/wp-content\/uploads\/2021\/09\/20210908_104137-1-1536x1152.jpg 1536w, https:\/\/www.gdamarmi.com\/wp-content\/uploads\/2021\/09\/20210908_104137-1-600x450.jpg 600w\" sizes=\"auto, (max-width: 2560px) 100vw, 2560px\" \/>                        <\/div>\n<\/div>\t\t<\/div>\n\t\t\t\t<\/div>\n\t\t\t\t\t<\/div>\n\t\t<\/div>\n\t\t\t\t\t\t\t<\/div>\n\t\t<\/section>\n\t\t\t\t<section class=\"elementor-section elementor-top-section elementor-element elementor-element-d348d76 elementor-section-full_width mkdf-elementor-row-grid-section elementor-section-height-default elementor-section-height-default mkdf-parallax-row-no mkdf-content-aligment-left mkdf-disabled-bg-image-bellow-no\" data-id=\"d348d76\" data-element_type=\"section\">\n\t\t\t\t\t\t<div class=\"elementor-container elementor-column-gap-no\">\n\t\t\t\t\t<div class=\"elementor-column elementor-col-50 elementor-top-column elementor-element elementor-element-bd9a4ef\" data-id=\"bd9a4ef\" data-element_type=\"column\">\n\t\t\t<div class=\"elementor-widget-wrap elementor-element-populated\">\n\t\t\t\t\t\t\t\t<div class=\"elementor-element elementor-element-6de8ad2 elementor-widget elementor-widget-mkdf_single_image\" data-id=\"6de8ad2\" data-element_type=\"widget\" data-widget_type=\"mkdf_single_image.default\">\n\t\t\t\t<div class=\"elementor-widget-container\">\n\t\t\t<div class=\"mkdf-single-image-holder    \">\n    <div class=\"mkdf-si-inner\" >\n                                    <img loading=\"lazy\" decoding=\"async\" width=\"2560\" height=\"1920\" src=\"https:\/\/www.gdamarmi.com\/wp-content\/uploads\/2021\/09\/20210908_104009-scaled.jpg\" class=\"attachment-full size-full\" alt=\"\" srcset=\"https:\/\/www.gdamarmi.com\/wp-content\/uploads\/2021\/09\/20210908_104009-scaled.jpg 2560w, https:\/\/www.gdamarmi.com\/wp-content\/uploads\/2021\/09\/20210908_104009-300x225.jpg 300w, https:\/\/www.gdamarmi.com\/wp-content\/uploads\/2021\/09\/20210908_104009-1024x768.jpg 1024w, https:\/\/www.gdamarmi.com\/wp-content\/uploads\/2021\/09\/20210908_104009-768x576.jpg 768w, https:\/\/www.gdamarmi.com\/wp-content\/uploads\/2021\/09\/20210908_104009-1536x1152.jpg 1536w, https:\/\/www.gdamarmi.com\/wp-content\/uploads\/2021\/09\/20210908_104009-600x450.jpg 600w\" sizes=\"auto, (max-width: 2560px) 100vw, 2560px\" \/>                        <\/div>\n<\/div>\t\t<\/div>\n\t\t\t\t<\/div>\n\t\t\t\t\t<\/div>\n\t\t<\/div>\n\t\t\t\t<div class=\"elementor-column elementor-col-50 elementor-top-column elementor-element elementor-element-b1e9843\" data-id=\"b1e9843\" data-element_type=\"column\">\n\t\t\t<div class=\"elementor-widget-wrap elementor-element-populated\">\n\t\t\t\t\t\t\t\t<div class=\"elementor-element elementor-element-dc7157f elementor-widget elementor-widget-mkdf_section_title\" data-id=\"dc7157f\" data-element_type=\"widget\" data-widget_type=\"mkdf_section_title.default\">\n\t\t\t\t<div class=\"elementor-widget-container\">\n\t\t\t<div class=\"mkdf-section-title-holder  \" >\n\t<div class=\"mkdf-st-inner\">\n\t\t\t\t\t\t\t<h3 class=\"mkdf-st-title\" >\n\t\t\t\tLA STRUTTURA\t\t\t<\/h3>\n\t\t\t\t\t\t\t<div class=\"mkdf-st-line\"><\/div>\n\t\t\t\t\t\n\t\t\t\t\t<p class=\"mkdf-st-text\" style=\"margin-top: 13px\">\n\t\t\t\tLa struttura dell\u2019Azienda si compone di due entit\u00e0 complementari, la DE ANGELIS SRL che si occupa dell\u2019escavazione dei materiali e della gestione del sito produttivo e GDA che cura e gestisce lo stoccaggio, la trasformazione e la commercializzazione dei prodotti (grezzi e semilavorati). Il moderno stabilimento con sede in Massa, si articola su una superficie di 10.000 mq ca., con una grande area centrale che ospita il piazzale (deposito blocchi), dotato di due carroponte per la movimentazione dei materiali, e due strutture laterali coperte destinate alle lavorazioni.<BR><BR> Gli uffici con la sede direzionale e amministrativa sono ospitati in un fabbricato a s\u00e9 stante disposto all\u2019entrata dell\u2019area produttiva\t\t\t<\/p>\n\t\t\t\t\t<\/div>\n<\/div>\t\t<\/div>\n\t\t\t\t<\/div>\n\t\t\t\t\t<\/div>\n\t\t<\/div>\n\t\t\t\t\t\t\t<\/div>\n\t\t<\/section>\n\t\t\t\t\t\t<\/div>\n\t\t\t\t\t<\/div>\n\t\t","protected":false},"excerpt":{"rendered":"<p>GDA MARMI E GRANITI GDA \u00e8 presente da oltre 50 anni nel panorama mondiale del settore lapideo \u00e8 proprietaria di un grande bacino estrattivo situato nel comprensorio lapideo Apuano L&#8217;AZIENDA GDA \u00e8 presente da oltre 50 anni nel panorama mondiale del settore lapideo, un\u2019attivit\u00e0 consolidata nel tempo da peculiarit\u00e0 fondamentali [&hellip;]<\/p>\n","protected":false},"author":1,"featured_media":0,"parent":0,"menu_order":0,"comment_status":"closed","ping_status":"closed","template":"full-width.php","meta":{"footnotes":""},"class_list":["post-1035","page","type-page","status-publish","hentry"],"_links":{"self":[{"href":"https:\/\/www.gdamarmi.com\/index.php\/wp-json\/wp\/v2\/pages\/1035","targetHints":{"allow":["GET"]}}],"collection":[{"href":"https:\/\/www.gdamarmi.com\/index.php\/wp-json\/wp\/v2\/pages"}],"about":[{"href":"https:\/\/www.gdamarmi.com\/index.php\/wp-json\/wp\/v2\/types\/page"}],"author":[{"embeddable":true,"href":"https:\/\/www.gdamarmi.com\/index.php\/wp-json\/wp\/v2\/users\/1"}],"replies":[{"embeddable":true,"href":"https:\/\/www.gdamarmi.com\/index.php\/wp-json\/wp\/v2\/comments?post=1035"}],"version-history":[{"count":55,"href":"https:\/\/www.gdamarmi.com\/index.php\/wp-json\/wp\/v2\/pages\/1035\/revisions"}],"predecessor-version":[{"id":6286,"href":"https:\/\/www.gdamarmi.com\/index.php\/wp-json\/wp\/v2\/pages\/1035\/revisions\/6286"}],"wp:attachment":[{"href":"https:\/\/www.gdamarmi.com\/index.php\/wp-json\/wp\/v2\/media?parent=1035"}],"curies":[{"name":"wp","href":"https:\/\/api.w.org\/{rel}","templated":true}]}}